{"id":44,"date":"2016-02-14T17:18:04","date_gmt":"2016-02-14T16:18:04","guid":{"rendered":"http:\/\/madisonbonneau.fr\/portfolio\/?page_id=44"},"modified":"2023-02-05T16:03:22","modified_gmt":"2023-02-05T15:03:22","slug":"integration","status":"publish","type":"page","link":"http:\/\/madisonbonneau.fr\/portfolio\/integration\/","title":{"rendered":"CONTACT"},"content":{"rendered":"\r\n<p style=\"text-align: center;\">Apr\u00e8s <em>3 ann\u00e9es<\/em> dans le branding et <em>l\u2019UX\/UI<\/em>,<br \/>j\u2019ai aujourd\u2019hui \u00e0 travers plusieurs projets une solide compr\u00e9hension de l\u2019ensemble du probl\u00e8me jusqu\u2019\u00e0 sa solution. Passionn\u00e9e par le produit, je d\u00e9tiens une forte sensibilit\u00e9 graphique.<\/p>\r\n\r\n\r\n\r\n<p><br \/>Du d\u00e9but du projet jusqu\u2019\u00e0 la solution, j\u2019anime diff\u00e9rentes phases en m\u00e9thode double diamant : comme la recherche et l\u2019analyse du parcours utilisateur, users test, atelier de co-cr\u00e9ation, prototyping\u2026<\/p>\r\n\r\n\r\n\r\n<p style=\"text-align: center;\">D\u00e9bordante d\u2019\u00e9nergie et curieuse d\u2019aller plus loin dans mes comp\u00e9tences,<br \/>je cultive cette soif d\u2019apprendre\u00a0en \u00e9tant active dans plusieurs projets qui me tiennent \u00e0 c\u0153ur.<\/p>\r\n\r\n\r\n\r\n<p style=\"text-align: center;\">&#x1f3a8;<\/p>\r\n\r\n<blockquote>\r\n<p>ME SUIVRE SUR<\/p>\r\n<\/blockquote>\r\n<p><a href=\"https:\/\/www.linkedin.com\/in\/madison-bonneau-%F0%9F%91%A9%F0%9F%8F%BB%E2%80%8D%F0%9F%92%BB-16898159\/\"><img loading=\"lazy\" decoding=\"async\" class=\"alignnone size-full wp-image-230\" src=\"http:\/\/madisonbonneau.fr\/portfolio\/wp-content\/uploads\/2016\/02\/linkedin-2-1.png\" alt=\"linkedin-2\" width=\"32\" height=\"32\" \/><\/a> \u00a0\u00a0<a href=\"https:\/\/dribbble.com\/madison\"><img loading=\"lazy\" decoding=\"async\" class=\"alignnone size-full wp-image-239\" src=\"http:\/\/madisonbonneau.fr\/portfolio\/wp-content\/uploads\/2016\/02\/dribble-logo.jpg\" alt=\"dribble-logo\" width=\"32\" height=\"32\" \/><\/a><\/p>","protected":false},"excerpt":{"rendered":"<p>Apr\u00e8s 3 ann\u00e9es dans le branding et l\u2019UX\/UI,j\u2019ai aujourd\u2019hui \u00e0 travers plusieurs projets une solide compr\u00e9hension de l\u2019ensemble du probl\u00e8me jusqu\u2019\u00e0 sa solution. Passionn\u00e9e par le produit, je d\u00e9tiens une forte sensibilit\u00e9 graphique. Du d\u00e9but du projet jusqu\u2019\u00e0 la solution, j\u2019anime diff\u00e9rentes phases en m\u00e9thode double diamant : comme la recherche et l\u2019analyse du parcours&#8230;<\/p>\n","protected":false},"author":1,"featured_media":450,"parent":0,"menu_order":0,"comment_status":"closed","ping_status":"closed","template":"template-contact.php","meta":{"footnotes":""},"class_list":["post-44","page","type-page","status-publish","has-post-thumbnail","hentry"],"_links":{"self":[{"href":"http:\/\/madisonbonneau.fr\/portfolio\/wp-json\/wp\/v2\/pages\/44","targetHints":{"allow":["GET"]}}],"collection":[{"href":"http:\/\/madisonbonneau.fr\/portfolio\/wp-json\/wp\/v2\/pages"}],"about":[{"href":"http:\/\/madisonbonneau.fr\/portfolio\/wp-json\/wp\/v2\/types\/page"}],"author":[{"embeddable":true,"href":"http:\/\/madisonbonneau.fr\/portfolio\/wp-json\/wp\/v2\/users\/1"}],"replies":[{"embeddable":true,"href":"http:\/\/madisonbonneau.fr\/portfolio\/wp-json\/wp\/v2\/comments?post=44"}],"version-history":[{"count":22,"href":"http:\/\/madisonbonneau.fr\/portfolio\/wp-json\/wp\/v2\/pages\/44\/revisions"}],"predecessor-version":[{"id":1081,"href":"http:\/\/madisonbonneau.fr\/portfolio\/wp-json\/wp\/v2\/pages\/44\/revisions\/1081"}],"wp:featuredmedia":[{"embeddable":true,"href":"http:\/\/madisonbonneau.fr\/portfolio\/wp-json\/wp\/v2\/media\/450"}],"wp:attachment":[{"href":"http:\/\/madisonbonneau.fr\/portfolio\/wp-json\/wp\/v2\/media?parent=44"}],"curies":[{"name":"wp","href":"https:\/\/api.w.org\/{rel}","templated":true}]}}